{"id":375,"date":"2021-10-27T04:33:48","date_gmt":"2021-10-27T01:33:48","guid":{"rendered":"https:\/\/isemas.org\/?page_id=375"},"modified":"2025-04-28T22:05:44","modified_gmt":"2025-04-28T19:05:44","slug":"international-advisor-board","status":"publish","type":"page","link":"https:\/\/sudeas.org\/isemas\/international-advisor-board\/","title":{"rendered":"INTERNATIONAL ADVISORY BOARD"},"content":{"rendered":"\n<p><\/p>\n\n\n\n<p><strong>Advisory Board (International Scientific Commitee)<\/strong><\/p>\n\n\n\n<p>Arif Hepbasli, Yasar University, T\u00fcrkiye<\/p>\n\n\n\n<p>J\u00f3zsef Roh\u00e1cs, Budapest University Of Technology And Economics, Hungary<\/p>\n\n\n\n<p>Zafer Utlu, Atlas University, T\u00fcrkiye<\/p>\n\n\n\n<p>Sandro Nizetic, University of Split, CROATIA<\/p>\n\n\n\n<p>Ahmet Selim Dalk\u0131l\u0131\u00e7, T\u00fcrkiye<\/p>\n\n\n\n<p>Baris Ozerdem, Bahcesehir University, T\u00fcrkiye<\/p>\n\n\n\n<p> Lu Aye, University of Melbourne, Australia <\/p>\n\n\n\n<p>C. Ozgur Colpan, Dokuz Eylul University, T\u00fcrkiye<\/p>\n\n\n\n<p>D\u00e1niel Roh\u00e1cs, Budapest University Of Technology And Economics, Hungary<\/p>\n\n\n\n<p>Mohammad Nazri Mohd-Jaafar, Universiti Teknologi Malaysia, Malaysia<\/p>\n\n\n\n<p>Nadir Yilmaz, New Mexico Institute of Mining and Technology, USA<\/p>\n\n\n\n<p>Oleksander Zaporozhets, National Aviation University, Ukraine<\/p>\n\n\n\n<p>T. Hikmet Karakoc, Eski\u015fehir Technical University, T\u00fcrkiye<\/p>\n\n\n\n<p>Harjit Singh, Brunel University, UK<\/p>\n\n\n\n<p>Zuhal Oktay, Democracy University, T\u00fcrkiye<\/p>\n\n\n\n<p>Mabvuto Mwanza, Zamiba University, Zambia<\/p>\n","protected":false},"excerpt":{"rendered":"<p>Advisory Board (International Scientific Commitee) Arif Hepbasli, Yasar University, T\u00fcrkiye J\u00f3zsef Roh\u00e1cs, Budapest University Of Technology And Economics, Hungary Zafer Utlu, Atlas University, T\u00fcrkiye Sandro Nizetic, University of Split, CROATIA Ahmet Selim Dalk\u0131l\u0131\u00e7, T\u00fcrkiye Baris Ozerdem, Bahcesehir University, T\u00fcrkiye Lu&hellip;<\/p>\n","protected":false},"author":1,"featured_media":0,"parent":0,"menu_order":0,"comment_status":"closed","ping_status":"closed","template":"","meta":{"footnotes":""},"class_list":["post-375","page","type-page","status-publish","hentry"],"_links":{"self":[{"href":"https:\/\/sudeas.org\/isemas\/wp-json\/wp\/v2\/pages\/375","targetHints":{"allow":["GET"]}}],"collection":[{"href":"https:\/\/sudeas.org\/isemas\/wp-json\/wp\/v2\/pages"}],"about":[{"href":"https:\/\/sudeas.org\/isemas\/wp-json\/wp\/v2\/types\/page"}],"author":[{"embeddable":true,"href":"https:\/\/sudeas.org\/isemas\/wp-json\/wp\/v2\/users\/1"}],"replies":[{"embeddable":true,"href":"https:\/\/sudeas.org\/isemas\/wp-json\/wp\/v2\/comments?post=375"}],"version-history":[{"count":11,"href":"https:\/\/sudeas.org\/isemas\/wp-json\/wp\/v2\/pages\/375\/revisions"}],"predecessor-version":[{"id":1310,"href":"https:\/\/sudeas.org\/isemas\/wp-json\/wp\/v2\/pages\/375\/revisions\/1310"}],"wp:attachment":[{"href":"https:\/\/sudeas.org\/isemas\/wp-json\/wp\/v2\/media?parent=375"}],"curies":[{"name":"wp","href":"https:\/\/api.w.org\/{rel}","templated":true}]}}