{"id":391,"date":"2021-10-27T04:49:27","date_gmt":"2021-10-27T01:49:27","guid":{"rendered":"https:\/\/isemas.org\/?page_id=391"},"modified":"2025-08-11T09:22:28","modified_gmt":"2025-08-11T06:22:28","slug":"plenary-speakers","status":"publish","type":"page","link":"https:\/\/sudeas.org\/isemas\/plenary-speakers\/","title":{"rendered":"PLENARY SPEAKER"},"content":{"rendered":"\n<p><\/p>\n\n\n\n<figure class=\"wp-block-image size-full\"><img fetchpriority=\"high\" decoding=\"async\" width=\"256\" height=\"282\" src=\"https:\/\/sudeas.org\/isemas\/wp-content\/uploads\/2025\/08\/image.jpeg\" alt=\"\" class=\"wp-image-1636\"\/><\/figure>\n\n\n\n<h2 class=\"wp-block-heading\"><strong>\u0130BRAH\u0130M D\u0130N\u00c7ER<\/strong><\/h2>\n\n\n\n<h3 class=\"wp-block-heading\"><strong>Title: Professor<\/strong><\/h3>\n\n\n\n<p>President, Hydrogen Technologies Association<br>Editor-in-Chief, Energy Storage<br>Editor-in-Chief, International Journal of Exergy<br>Editor-in-Chief, International Journal of Global Warming<br>Editor-in-Chief, International Journal of Research, Innovation and Commercialisation<br>Special Issues Coordinating Editor, International Journal of Hydrogen Energy<\/p>\n\n\n\n<h3 class=\"wp-block-heading\"><strong>Presentation title:<\/strong><\/h3>\n\n\n\n<p><strong> <\/strong>Clean Hydrogen Solutions and Their Management for Better Sustainability<\/p>\n\n\n\n<h3 class=\"wp-block-heading\"><strong>Abstract:<\/strong><\/h3>\n\n\n\n<p>This particular presentation will focus on clean energy solutions, particularly with hydrogen energy technologies where there will be multiple system combinations and integrations where the key targets, namely better efficiency, better economy, better ecology, better resources use and better management, are achieved for better sustainable development. The innovative dimensions of such technologies and their effective utilization will also be discussed.<\/p>\n\n\n\n<p><\/p>\n","protected":false},"excerpt":{"rendered":"<p>\u0130BRAH\u0130M D\u0130N\u00c7ER Title: Professor President, Hydrogen Technologies AssociationEditor-in-Chief, Energy StorageEditor-in-Chief, International Journal of ExergyEditor-in-Chief, International Journal of Global WarmingEditor-in-Chief, International Journal of Research, Innovation and CommercialisationSpecial Issues Coordinating Editor, International Journal of Hydrogen Energy Presentation title: Clean Hydrogen Solutions and&hellip;<\/p>\n","protected":false},"author":1,"featured_media":0,"parent":0,"menu_order":0,"comment_status":"closed","ping_status":"closed","template":"","meta":{"footnotes":""},"class_list":["post-391","page","type-page","status-publish","hentry"],"_links":{"self":[{"href":"https:\/\/sudeas.org\/isemas\/wp-json\/wp\/v2\/pages\/391","targetHints":{"allow":["GET"]}}],"collection":[{"href":"https:\/\/sudeas.org\/isemas\/wp-json\/wp\/v2\/pages"}],"about":[{"href":"https:\/\/sudeas.org\/isemas\/wp-json\/wp\/v2\/types\/page"}],"author":[{"embeddable":true,"href":"https:\/\/sudeas.org\/isemas\/wp-json\/wp\/v2\/users\/1"}],"replies":[{"embeddable":true,"href":"https:\/\/sudeas.org\/isemas\/wp-json\/wp\/v2\/comments?post=391"}],"version-history":[{"count":10,"href":"https:\/\/sudeas.org\/isemas\/wp-json\/wp\/v2\/pages\/391\/revisions"}],"predecessor-version":[{"id":1638,"href":"https:\/\/sudeas.org\/isemas\/wp-json\/wp\/v2\/pages\/391\/revisions\/1638"}],"wp:attachment":[{"href":"https:\/\/sudeas.org\/isemas\/wp-json\/wp\/v2\/media?parent=391"}],"curies":[{"name":"wp","href":"https:\/\/api.w.org\/{rel}","templated":true}]}}