{"id":56,"date":"2021-08-31T01:06:26","date_gmt":"2021-08-30T22:06:26","guid":{"rendered":"https:\/\/isemas.org\/?page_id=56"},"modified":"2025-08-22T10:36:00","modified_gmt":"2025-08-22T07:36:00","slug":"registration","status":"publish","type":"page","link":"https:\/\/sudeas.org\/isemas\/registration\/","title":{"rendered":"CONTACT AND REGISRATION"},"content":{"rendered":"\n<div style=\"height:50px\" aria-hidden=\"true\" class=\"wp-block-spacer\"><\/div>\n\n\n\n<p> Registration link: (work in progress)<\/p>\n\n\n\n<figure class=\"wp-block-table\"><table><tbody><tr><td>Registration<\/td><td>Fee*<\/td><td>Fee**<\/td><td>Fee***<\/td><\/tr><tr><td>Full-time Participation<\/td><td>50<strong>\u20ac<\/strong> <\/td><td>50<strong>\u20ac<\/strong><\/td><td>75<strong>\u20ac<\/strong><\/td><\/tr><tr><td>Postgraduate Students, Students<\/td><td>50<strong>\u20ac<\/strong>  <\/td><td>50<strong>\u20ac<\/strong><\/td><td>75<strong>\u20ac<\/strong><\/td><\/tr><tr><td>Listeners<\/td><td> Free  <\/td><td>Free<\/td><td>Free<\/td><\/tr><tr><td>Industry, Company<\/td><td>100<strong>\u20ac<\/strong><\/td><td>125<strong>\u20ac<\/strong><\/td><td>150<strong>\u20ac<\/strong><\/td><\/tr><\/tbody><\/table><\/figure>\n\n\n\n<p>Fee* \u2013 Fee for submissions before 20 May<\/p>\n\n\n\n<p>Fee** \u2013 Fee for submissions between 20 May &#8211; 15 July<\/p>\n\n\n\n<p>Fee*** \u2013Fee for Submissions after 15 July<\/p>\n\n\n\n<p>For Turkish Citizens, 1 Euro = 10 Turkish Lira<\/p>\n\n\n\n<p>Fees are paid per speaker, not per article. If other authors request a certificate in the participation or if there are different presenters in more than one article, a participation fee is requested.<\/p>\n\n\n\n<hr class=\"wp-block-separator has-css-opacity\"\/>\n\n\n\n<p>For money transfer:<br>Account Holder: Bal\u0131kesir S\u00fcrd\u00fcr\u00fclebilir Kalk\u0131nma<br>Bank: Vak\u0131flar Bank<br>SWIFT Code: TVBATR2AXXX<br>City:Bal\u0131kesir\/Turkey<\/p>\n\n\n\n<p>HESAP:  Bal\u0131kesir S\u00fcrd\u00fcr\u00fclebilir Kalk\u0131nma <\/p>\n\n\n\n<p>IBAN:  TR60 0001 5001 5800 7314 3074 33   (For Turkish Lira)<\/p>\n\n\n\n<p>IBAN:  TR38 0001 5001 5804 8020 1380 27   ( For Euro)<\/p>\n\n\n\n<p>IBAN:  TR37 0001 5001 5804 8020 1380 45  (For $)<\/p>\n\n\n\n<hr class=\"wp-block-separator has-css-opacity\"\/>\n\n\n\n<p>Please inform us about your participations and fill the form via e-mail.<\/p>\n\n\n\n<p><a href=\"mailto:info@isemas.org\">isemas2025@gmail.com<\/a><\/p>\n\n\n\n<p><\/p>\n\n\n\n<h2 class=\"wp-block-heading\">Contact<\/h2>\n\n\n\n<p>or any inquiries and more information please contact<\/p>\n\n\n\n<p><a href=\"mailto:info@isemas.org\">isemas2025@gmail.com<\/a><\/p>\n\n\n\n<p>or Symposium Assistant:<br>&#8230;&#8230;&#8230;&#8230;&#8230;&#8230;&#8230;&#8230;&#8230;&#8230;..<\/p>\n\n\n\n<p><\/p>\n","protected":false},"excerpt":{"rendered":"<p>Registration link: (work in progress) Registration Fee* Fee** Fee*** Full-time Participation 50\u20ac 50\u20ac 75\u20ac Postgraduate Students, Students 50\u20ac 50\u20ac 75\u20ac Listeners Free Free Free Industry, Company 100\u20ac 125\u20ac 150\u20ac Fee* \u2013 Fee for submissions before 20 May Fee** \u2013 Fee&hellip;<\/p>\n","protected":false},"author":1,"featured_media":0,"parent":0,"menu_order":0,"comment_status":"closed","ping_status":"closed","template":"","meta":{"footnotes":""},"class_list":["post-56","page","type-page","status-publish","hentry"],"_links":{"self":[{"href":"https:\/\/sudeas.org\/isemas\/wp-json\/wp\/v2\/pages\/56","targetHints":{"allow":["GET"]}}],"collection":[{"href":"https:\/\/sudeas.org\/isemas\/wp-json\/wp\/v2\/pages"}],"about":[{"href":"https:\/\/sudeas.org\/isemas\/wp-json\/wp\/v2\/types\/page"}],"author":[{"embeddable":true,"href":"https:\/\/sudeas.org\/isemas\/wp-json\/wp\/v2\/users\/1"}],"replies":[{"embeddable":true,"href":"https:\/\/sudeas.org\/isemas\/wp-json\/wp\/v2\/comments?post=56"}],"version-history":[{"count":35,"href":"https:\/\/sudeas.org\/isemas\/wp-json\/wp\/v2\/pages\/56\/revisions"}],"predecessor-version":[{"id":1755,"href":"https:\/\/sudeas.org\/isemas\/wp-json\/wp\/v2\/pages\/56\/revisions\/1755"}],"wp:attachment":[{"href":"https:\/\/sudeas.org\/isemas\/wp-json\/wp\/v2\/media?parent=56"}],"curies":[{"name":"wp","href":"https:\/\/api.w.org\/{rel}","templated":true}]}}